{"id":3682,"date":"2017-10-16T08:40:04","date_gmt":"2017-10-16T08:40:04","guid":{"rendered":"https:\/\/www.sibtorino.it\/profilo\/"},"modified":"2024-04-12T09:37:40","modified_gmt":"2024-04-12T09:37:40","slug":"profil","status":"publish","type":"page","link":"https:\/\/www.sibtorino.it\/fr\/profil\/","title":{"rendered":"Profil"},"content":{"rendered":"<div class=\"wpb-content-wrapper\"><p>[vc_row][vc_column][vc_column_text]<\/p>\n<h2>Profil<\/h2>\n<p style=\"text-align: justify;\">SIB srl est une structure industrielle qui produit, avec ses propres technologies et comp\u00e9tences, des syst\u00e8mes de combustion, des fours et des syst\u00e8mes de traitement depuis plus de 40 ans. Cela a conduit \u00e0 une exp\u00e9rience vaste et \u00e9prouv\u00e9e \u00e0 la fois dans la conception et la construction, ainsi que pour l\u2019installation et la maintenance de leurs syst\u00e8mes.<br \/>\nNos nombreuses applications dans le domaine des traitements de surface et de la fonte d\u2019aluminium et des mat\u00e9riaux non ferreux, ont favoris\u00e9 au fil du temps le d\u00e9veloppement et l\u2019am\u00e9lioration de notre d\u00e9partement technique pour la conception et la construction d\u2019installations compl\u00e8tes pour le recyclage de l\u2019aluminium contamin\u00e9 par l\u2019eau et les substances organiques (huiles, peintures, etc.).<br \/>\nLe &#8220;poumon&#8221; de ce syst\u00e8me est le CDS (Chips Dryer System), qui, associ\u00e9 \u00e0 un four de fusion sp\u00e9cial, permet une grande efficacit\u00e9 dans la r\u00e9cup\u00e9ration de l\u2019aluminium.<br \/>\nLe syst\u00e8me CDS consiste en une s\u00e9rie d\u2019\u00e9quipements permettant la cog\u00e9n\u00e9ration de l\u2019\u00e9nergie n\u00e9cessaire au traitement thermique de l\u2019aluminium.<br \/>\nLe crit\u00e8re technique du syst\u00e8me pr\u00e9voit le s\u00e9chage des mat\u00e9riaux par \u00e9change thermique convectif et radiant entre le mat\u00e9riau \u00e0 traiter et les gaz provenant de la Postcombustion \/ R\u00e9cup\u00e9rateur d\u2019\u00e9nergie : les valeurs d\u2019oxyg\u00e8ne et de temp\u00e9rature des gaz sont constamment contr\u00f4l\u00e9es dans leur mouvement \u00e0 contre-courant par rapport au mat\u00e9riau \u00e0 traiter. Vous pouvez \u00e9galement utiliser les gaz d\u2019\u00e9chappement du four de fusion pour un apport d\u2019\u00e9nergie thermique qui r\u00e9duit consid\u00e9rablement les co\u00fbts \u00e9nerg\u00e9tiques.<br \/>\nEn g\u00e9n\u00e9ral, chaque syst\u00e8me SIB est dimensionn\u00e9 en fonction des besoins sp\u00e9cifiques du client et n\u2019est donc pas standardis\u00e9 mais sa configuration, plus ou moins complexe, est le r\u00e9sultat d\u2019un processus visant \u00e0 r\u00e9pondre aux besoins du client et \u00e0 optimiser les performances techniques et \u00e9conomiques. Tout cela se fait dans le respect des caract\u00e9ristiques des mat\u00e9riaux trait\u00e9s conform\u00e9ment aux r\u00e9glementations en vigueur dans la Communaut\u00e9 Europ\u00e9enne et selon les standards U.S.A.(UL\/FM).<br \/>\n[\/vc_column_text][vc_single_image image=&#8221;2494&#8243; img_size=&#8221;full&#8221; alignment=&#8221;center&#8221;][\/vc_column][\/vc_row]<\/p>\n<\/div>","protected":false},"excerpt":{"rendered":"<p>[vc_row][vc_column][vc_column_text] Profil SIB srl est une structure industrielle qui produit, avec ses propres technologies et comp\u00e9tences, des syst\u00e8mes de combustion, des fours et des syst\u00e8mes de traitement depuis plus de 40 ans. Cela a conduit \u00e0 une exp\u00e9rience vaste et \u00e9prouv\u00e9e \u00e0 la fois dans la conception et la construction, ainsi que pour l\u2019installation et&hellip;<\/p>\n","protected":false},"author":1,"featured_media":0,"parent":0,"menu_order":0,"comment_status":"closed","ping_status":"closed","template":"","meta":{"footnotes":""},"class_list":["post-3682","page","type-page","status-publish","hentry","description-off"],"yoast_head":"<!-- This site is optimized with the Yoast SEO plugin v27.2 - https:\/\/yoast.com\/product\/yoast-seo-wordpress\/ -->\n<title>Profil - SIB Torino<\/title>\n<meta name=\"description\" content=\"Profil - SIB srl est une structure industrielle qui produit depuis plus de 40 ans des syst\u00e8mes de combustion, des fours et des syst\u00e8mes de traitement pour l&#039;industrie.\" \/>\n<meta name=\"robots\" content=\"index, follow, max-snippet:-1, max-image-preview:large, max-video-preview:-1\" \/>\n<link rel=\"canonical\" href=\"https:\/\/www.sibtorino.it\/fr\/profil\/\" \/>\n<meta property=\"og:locale\" content=\"fr_FR\" \/>\n<meta property=\"og:type\" content=\"article\" \/>\n<meta property=\"og:title\" content=\"Profil - SIB Torino\" \/>\n<meta property=\"og:description\" content=\"Profil - SIB srl est une structure industrielle qui produit depuis plus de 40 ans des syst\u00e8mes de combustion, des fours et des syst\u00e8mes de traitement pour l&#039;industrie.\" \/>\n<meta property=\"og:url\" content=\"https:\/\/www.sibtorino.it\/fr\/profil\/\" \/>\n<meta property=\"og:site_name\" content=\"SIB Torino\" \/>\n<meta property=\"article:modified_time\" content=\"2024-04-12T09:37:40+00:00\" \/>\n<meta name=\"twitter:card\" content=\"summary_large_image\" \/>\n<meta name=\"twitter:label1\" content=\"Est. reading time\" \/>\n\t<meta name=\"twitter:data1\" content=\"2 minutes\" \/>\n<script type=\"application\/ld+json\" class=\"yoast-schema-graph\">{\"@context\":\"https:\/\/schema.org\",\"@graph\":[{\"@type\":\"WebPage\",\"@id\":\"https:\/\/www.sibtorino.it\/fr\/profil\/\",\"url\":\"https:\/\/www.sibtorino.it\/fr\/profil\/\",\"name\":\"Profil - SIB Torino\",\"isPartOf\":{\"@id\":\"https:\/\/www.sibtorino.it\/#website\"},\"datePublished\":\"2017-10-16T08:40:04+00:00\",\"dateModified\":\"2024-04-12T09:37:40+00:00\",\"description\":\"Profil - SIB srl est une structure industrielle qui produit depuis plus de 40 ans des syst\u00e8mes de combustion, des fours et des syst\u00e8mes de traitement pour l'industrie.\",\"breadcrumb\":{\"@id\":\"https:\/\/www.sibtorino.it\/fr\/profil\/#breadcrumb\"},\"inLanguage\":\"fr-FR\",\"potentialAction\":[{\"@type\":\"ReadAction\",\"target\":[\"https:\/\/www.sibtorino.it\/fr\/profil\/\"]}]},{\"@type\":\"BreadcrumbList\",\"@id\":\"https:\/\/www.sibtorino.it\/fr\/profil\/#breadcrumb\",\"itemListElement\":[{\"@type\":\"ListItem\",\"position\":1,\"name\":\"Home\",\"item\":\"https:\/\/www.sibtorino.it\/fr\/\"},{\"@type\":\"ListItem\",\"position\":2,\"name\":\"Profil\"}]},{\"@type\":\"WebSite\",\"@id\":\"https:\/\/www.sibtorino.it\/#website\",\"url\":\"https:\/\/www.sibtorino.it\/\",\"name\":\"SIB Torino\",\"description\":\"Tecnologie Di Combustione - Combustion Technology\",\"publisher\":{\"@id\":\"https:\/\/www.sibtorino.it\/#organization\"},\"potentialAction\":[{\"@type\":\"SearchAction\",\"target\":{\"@type\":\"EntryPoint\",\"urlTemplate\":\"https:\/\/www.sibtorino.it\/?s={search_term_string}\"},\"query-input\":{\"@type\":\"PropertyValueSpecification\",\"valueRequired\":true,\"valueName\":\"search_term_string\"}}],\"inLanguage\":\"fr-FR\"},{\"@type\":\"Organization\",\"@id\":\"https:\/\/www.sibtorino.it\/#organization\",\"name\":\"SIB Torino\",\"url\":\"https:\/\/www.sibtorino.it\/\",\"logo\":{\"@type\":\"ImageObject\",\"inLanguage\":\"fr-FR\",\"@id\":\"https:\/\/www.sibtorino.it\/#\/schema\/logo\/image\/\",\"url\":\"https:\/\/www.sibtorino.it\/wp-content\/uploads\/2017\/07\/sib-torino-logo@2x.png\",\"contentUrl\":\"https:\/\/www.sibtorino.it\/wp-content\/uploads\/2017\/07\/sib-torino-logo@2x.png\",\"width\":300,\"height\":168,\"caption\":\"SIB Torino\"},\"image\":{\"@id\":\"https:\/\/www.sibtorino.it\/#\/schema\/logo\/image\/\"}}]}<\/script>\n<!-- \/ Yoast SEO plugin. -->","yoast_head_json":{"title":"Profil - SIB Torino","description":"Profil - SIB srl est une structure industrielle qui produit depuis plus de 40 ans des syst\u00e8mes de combustion, des fours et des syst\u00e8mes de traitement pour l'industrie.","robots":{"index":"index","follow":"follow","max-snippet":"max-snippet:-1","max-image-preview":"max-image-preview:large","max-video-preview":"max-video-preview:-1"},"canonical":"https:\/\/www.sibtorino.it\/fr\/profil\/","og_locale":"fr_FR","og_type":"article","og_title":"Profil - SIB Torino","og_description":"Profil - SIB srl est une structure industrielle qui produit depuis plus de 40 ans des syst\u00e8mes de combustion, des fours et des syst\u00e8mes de traitement pour l'industrie.","og_url":"https:\/\/www.sibtorino.it\/fr\/profil\/","og_site_name":"SIB Torino","article_modified_time":"2024-04-12T09:37:40+00:00","twitter_card":"summary_large_image","twitter_misc":{"Est. reading time":"2 minutes"},"schema":{"@context":"https:\/\/schema.org","@graph":[{"@type":"WebPage","@id":"https:\/\/www.sibtorino.it\/fr\/profil\/","url":"https:\/\/www.sibtorino.it\/fr\/profil\/","name":"Profil - SIB Torino","isPartOf":{"@id":"https:\/\/www.sibtorino.it\/#website"},"datePublished":"2017-10-16T08:40:04+00:00","dateModified":"2024-04-12T09:37:40+00:00","description":"Profil - SIB srl est une structure industrielle qui produit depuis plus de 40 ans des syst\u00e8mes de combustion, des fours et des syst\u00e8mes de traitement pour l'industrie.","breadcrumb":{"@id":"https:\/\/www.sibtorino.it\/fr\/profil\/#breadcrumb"},"inLanguage":"fr-FR","potentialAction":[{"@type":"ReadAction","target":["https:\/\/www.sibtorino.it\/fr\/profil\/"]}]},{"@type":"BreadcrumbList","@id":"https:\/\/www.sibtorino.it\/fr\/profil\/#breadcrumb","itemListElement":[{"@type":"ListItem","position":1,"name":"Home","item":"https:\/\/www.sibtorino.it\/fr\/"},{"@type":"ListItem","position":2,"name":"Profil"}]},{"@type":"WebSite","@id":"https:\/\/www.sibtorino.it\/#website","url":"https:\/\/www.sibtorino.it\/","name":"SIB Torino","description":"Tecnologie Di Combustione - Combustion Technology","publisher":{"@id":"https:\/\/www.sibtorino.it\/#organization"},"potentialAction":[{"@type":"SearchAction","target":{"@type":"EntryPoint","urlTemplate":"https:\/\/www.sibtorino.it\/?s={search_term_string}"},"query-input":{"@type":"PropertyValueSpecification","valueRequired":true,"valueName":"search_term_string"}}],"inLanguage":"fr-FR"},{"@type":"Organization","@id":"https:\/\/www.sibtorino.it\/#organization","name":"SIB Torino","url":"https:\/\/www.sibtorino.it\/","logo":{"@type":"ImageObject","inLanguage":"fr-FR","@id":"https:\/\/www.sibtorino.it\/#\/schema\/logo\/image\/","url":"https:\/\/www.sibtorino.it\/wp-content\/uploads\/2017\/07\/sib-torino-logo@2x.png","contentUrl":"https:\/\/www.sibtorino.it\/wp-content\/uploads\/2017\/07\/sib-torino-logo@2x.png","width":300,"height":168,"caption":"SIB Torino"},"image":{"@id":"https:\/\/www.sibtorino.it\/#\/schema\/logo\/image\/"}}]}},"_links":{"self":[{"href":"https:\/\/www.sibtorino.it\/fr\/wp-json\/wp\/v2\/pages\/3682","targetHints":{"allow":["GET"]}}],"collection":[{"href":"https:\/\/www.sibtorino.it\/fr\/wp-json\/wp\/v2\/pages"}],"about":[{"href":"https:\/\/www.sibtorino.it\/fr\/wp-json\/wp\/v2\/types\/page"}],"author":[{"embeddable":true,"href":"https:\/\/www.sibtorino.it\/fr\/wp-json\/wp\/v2\/users\/1"}],"replies":[{"embeddable":true,"href":"https:\/\/www.sibtorino.it\/fr\/wp-json\/wp\/v2\/comments?post=3682"}],"version-history":[{"count":2,"href":"https:\/\/www.sibtorino.it\/fr\/wp-json\/wp\/v2\/pages\/3682\/revisions"}],"predecessor-version":[{"id":3684,"href":"https:\/\/www.sibtorino.it\/fr\/wp-json\/wp\/v2\/pages\/3682\/revisions\/3684"}],"wp:attachment":[{"href":"https:\/\/www.sibtorino.it\/fr\/wp-json\/wp\/v2\/media?parent=3682"}],"curies":[{"name":"wp","href":"https:\/\/api.w.org\/{rel}","templated":true}]}}