{"id":3631,"date":"2017-10-27T08:59:56","date_gmt":"2017-10-27T08:59:56","guid":{"rendered":"https:\/\/www.sibtorino.it\/download\/"},"modified":"2024-04-12T09:54:02","modified_gmt":"2024-04-12T09:54:02","slug":"telecharger-des-brochures","status":"publish","type":"page","link":"https:\/\/www.sibtorino.it\/fr\/telecharger-des-brochures\/","title":{"rendered":"T\u00e9l\u00e9charger Des Brochures"},"content":{"rendered":"<div class=\"wpb-content-wrapper\"><p>[vc_row][vc_column width=&#8221;1\/2&#8243;][vc_column_text]<\/p>\n<h2>T\u00c9L\u00c9CHARGER DES BROCHURES<\/h2>\n<p>[\/vc_column_text][\/vc_column][vc_column width=&#8221;1\/2&#8243;][\/vc_column][\/vc_row][vc_row][vc_column][vc_tta_tour][vc_tta_section title=&#8221;TECHNOLOGIES DE TRAITEMENT THERMIQUE ET DE FUSION&#8221; tab_id=&#8221;1509093170417-bc93dc7b-2470&#8243;][vc_row_inner][vc_column_inner][vc_column_text]<\/p>\n<h5 style=\"text-align: center;\">BROCHURE TECHNOLOGIES DE TRAITEMENT THERMIQUE ET DE FUSION<\/h5>\n<p>[\/vc_column_text][vc_single_image image=&#8221;2349&#8243; img_size=&#8221;medium&#8221; alignment=&#8221;center&#8221; onclick=&#8221;link_image&#8221;]<div class=\" ubtn-ctn-center \"><a class=\"ubtn-link ult-adjust-bottom-margin ubtn-center ubtn-normal \" href=\"http:\/\/lnx.sibtorino.it\/wp-content\/uploads\/2017\/10\/Brochure_SIB_2016.pdf\" target=\"_blank\" rel=\"noopener\" ><button type=\"button\" id=\"ubtn-8424\"  class=\"ubtn ult-adjust-bottom-margin ult-responsive ubtn-normal ubtn-no-hover-bg  none  ubtn-sep-icon ubtn-sep-icon-top-push  ubtn-center   tooltip-69f4311a496f2\"  data-hover=\"\" data-border-color=\"\" data-bg=\"#f9cb1e\" data-hover-bg=\"\" data-border-hover=\"\" data-shadow-hover=\"\" data-shadow-click=\"none\" data-shadow=\"\" data-shd-shadow=\"\"  data-ultimate-target='#ubtn-8424'  data-responsive-json-new='{\"font-size\":\"\",\"line-height\":\"\"}'  style=\"font-weight:normal;border:none;background: #f9cb1e;color: #000000;\"><span class=\"ubtn-data ubtn-icon\"><i class=\"Defaults-download\" style=\"font-size:30px;color:;\"><\/i><\/span><span class=\"ubtn-hover\" style=\"background-color:\"><\/span><span class=\"ubtn-data ubtn-text \" >DOWNLOAD PDF<\/span><\/button><\/a><\/div>[\/vc_column_inner][\/vc_row_inner][\/vc_tta_section][vc_tta_section title=&#8221;SYST\u00c8ME DE S\u00c9CHAGE DES COPEAUX&#8221; tab_id=&#8221;1509093170550-303db8e5-1a03&#8243;][vc_row_inner][vc_column_inner][vc_column_text]<\/p>\n<h5 style=\"text-align: center;\">BROCHURE SYST\u00c8ME DE S\u00c9CHAGE DES COPEAUX<\/h5>\n<p>[\/vc_column_text][vc_single_image image=&#8221;2350&#8243; img_size=&#8221;medium&#8221; alignment=&#8221;center&#8221; onclick=&#8221;link_image&#8221;]<div class=\" ubtn-ctn-center \"><a class=\"ubtn-link ult-adjust-bottom-margin ubtn-center ubtn-normal \" href=\"http:\/\/lnx.sibtorino.it\/wp-content\/uploads\/2017\/10\/Flyer_a4_DEFINITIVA.pdf\" target=\"_blank\" rel=\"noopener\" ><button type=\"button\" id=\"ubtn-7030\"  class=\"ubtn ult-adjust-bottom-margin ult-responsive ubtn-normal ubtn-no-hover-bg  none  ubtn-sep-icon ubtn-sep-icon-top-push  ubtn-center   tooltip-69f4311a49894\"  data-hover=\"\" data-border-color=\"\" data-bg=\"#f9cb1e\" data-hover-bg=\"\" data-border-hover=\"\" data-shadow-hover=\"\" data-shadow-click=\"none\" data-shadow=\"\" data-shd-shadow=\"\"  data-ultimate-target='#ubtn-7030'  data-responsive-json-new='{\"font-size\":\"\",\"line-height\":\"\"}'  style=\"font-weight:normal;border:none;background: #f9cb1e;color: #000000;\"><span class=\"ubtn-data ubtn-icon\"><i class=\"Defaults-download\" style=\"font-size:30px;color:;\"><\/i><\/span><span class=\"ubtn-hover\" style=\"background-color:\"><\/span><span class=\"ubtn-data ubtn-text \" >DOWNLOAD PDF<\/span><\/button><\/a><\/div>[\/vc_column_inner][\/vc_row_inner][\/vc_tta_section][vc_tta_section title=&#8221;SYST\u00c8ME DE RECYCLAGE DE L\u2019ALUMINIUM&#8221; tab_id=&#8221;1509093374351-bde180f6-85d1&#8243;][vc_column_text]<\/p>\n<h5 style=\"text-align: center;\">BROCHURE SYST\u00c8ME DE RECYCLAGE DE L\u2019ALUMINIUM<\/h5>\n<p>[\/vc_column_text][vc_single_image image=&#8221;2384&#8243; img_size=&#8221;medium&#8221; alignment=&#8221;center&#8221; onclick=&#8221;link_image&#8221;]<div class=\" ubtn-ctn-center \"><a class=\"ubtn-link ult-adjust-bottom-margin ubtn-center ubtn-normal \" href=\"http:\/\/lnx.sibtorino.it\/wp-content\/uploads\/2017\/11\/brochure_a4_VER_2_definitiva_opt.pdf\" target=\"_blank\" rel=\"noopener\" ><button type=\"button\" id=\"ubtn-8059\"  class=\"ubtn ult-adjust-bottom-margin ult-responsive ubtn-normal ubtn-no-hover-bg  none  ubtn-sep-icon ubtn-sep-icon-top-push  ubtn-center   tooltip-69f4311a4991e\"  data-hover=\"\" data-border-color=\"\" data-bg=\"#f9cb1e\" data-hover-bg=\"\" data-border-hover=\"\" data-shadow-hover=\"\" data-shadow-click=\"none\" data-shadow=\"\" data-shd-shadow=\"\"  data-ultimate-target='#ubtn-8059'  data-responsive-json-new='{\"font-size\":\"\",\"line-height\":\"\"}'  style=\"font-weight:normal;border:none;background: #f9cb1e;color: #000000;\"><span class=\"ubtn-data ubtn-icon\"><i class=\"Defaults-download\" style=\"font-size:30px;color:;\"><\/i><\/span><span class=\"ubtn-hover\" style=\"background-color:\"><\/span><span class=\"ubtn-data ubtn-text \" >DOWNLOAD PDF<\/span><\/button><\/a><\/div>[\/vc_tta_section][\/vc_tta_tour][\/vc_column][\/vc_row]<\/p>\n<\/div>","protected":false},"excerpt":{"rendered":"<p>[vc_row][vc_column width=&#8221;1\/2&#8243;][vc_column_text] T\u00c9L\u00c9CHARGER DES BROCHURES [\/vc_column_text][\/vc_column][vc_column width=&#8221;1\/2&#8243;][\/vc_column][\/vc_row][vc_row][vc_column][vc_tta_tour][vc_tta_section title=&#8221;TECHNOLOGIES DE TRAITEMENT THERMIQUE ET DE FUSION&#8221; tab_id=&#8221;1509093170417-bc93dc7b-2470&#8243;][vc_row_inner][vc_column_inner][vc_column_text] BROCHURE TECHNOLOGIES DE TRAITEMENT THERMIQUE ET DE FUSION [\/vc_column_text][vc_single_image image=&#8221;2349&#8243; img_size=&#8221;medium&#8221; alignment=&#8221;center&#8221; onclick=&#8221;link_image&#8221;][\/vc_column_inner][\/vc_row_inner][\/vc_tta_section][vc_tta_section title=&#8221;SYST\u00c8ME DE S\u00c9CHAGE DES COPEAUX&#8221; tab_id=&#8221;1509093170550-303db8e5-1a03&#8243;][vc_row_inner][vc_column_inner][vc_column_text] BROCHURE SYST\u00c8ME DE S\u00c9CHAGE DES COPEAUX [\/vc_column_text][vc_single_image image=&#8221;2350&#8243; img_size=&#8221;medium&#8221; alignment=&#8221;center&#8221; onclick=&#8221;link_image&#8221;][\/vc_column_inner][\/vc_row_inner][\/vc_tta_section][vc_tta_section title=&#8221;SYST\u00c8ME DE RECYCLAGE DE L\u2019ALUMINIUM&#8221; tab_id=&#8221;1509093374351-bde180f6-85d1&#8243;][vc_column_text] BROCHURE SYST\u00c8ME DE RECYCLAGE&hellip;<\/p>\n","protected":false},"author":1,"featured_media":0,"parent":0,"menu_order":0,"comment_status":"closed","ping_status":"closed","template":"","meta":{"footnotes":""},"class_list":["post-3631","page","type-page","status-publish","hentry","description-off"],"yoast_head":"<!-- This site is optimized with the Yoast SEO plugin v27.2 - https:\/\/yoast.com\/product\/yoast-seo-wordpress\/ -->\n<title>T\u00e9l\u00e9charger Des Brochures - SIB Torino<\/title>\n<meta name=\"description\" content=\"T\u00e9l\u00e9chargez la brochure SIB - Technologies de traitement thermique et de fusion, S\u00e9cheur de copeaux, Syst\u00e8me de recyclage de l&#039;aluminium.\" \/>\n<meta name=\"robots\" content=\"index, follow, max-snippet:-1, max-image-preview:large, max-video-preview:-1\" \/>\n<link rel=\"canonical\" href=\"https:\/\/www.sibtorino.it\/fr\/telecharger-des-brochures\/\" \/>\n<meta property=\"og:locale\" content=\"fr_FR\" \/>\n<meta property=\"og:type\" content=\"article\" \/>\n<meta property=\"og:title\" content=\"T\u00e9l\u00e9charger Des Brochures - SIB Torino\" \/>\n<meta property=\"og:description\" content=\"T\u00e9l\u00e9chargez la brochure SIB - Technologies de traitement thermique et de fusion, S\u00e9cheur de copeaux, Syst\u00e8me de recyclage de l&#039;aluminium.\" \/>\n<meta property=\"og:url\" content=\"https:\/\/www.sibtorino.it\/fr\/telecharger-des-brochures\/\" \/>\n<meta property=\"og:site_name\" content=\"SIB Torino\" \/>\n<meta property=\"article:modified_time\" content=\"2024-04-12T09:54:02+00:00\" \/>\n<meta name=\"twitter:card\" content=\"summary_large_image\" \/>\n<meta name=\"twitter:label1\" content=\"Est. reading time\" \/>\n\t<meta name=\"twitter:data1\" content=\"1 minute\" \/>\n<script type=\"application\/ld+json\" class=\"yoast-schema-graph\">{\"@context\":\"https:\/\/schema.org\",\"@graph\":[{\"@type\":\"WebPage\",\"@id\":\"https:\/\/www.sibtorino.it\/fr\/telecharger-des-brochures\/\",\"url\":\"https:\/\/www.sibtorino.it\/fr\/telecharger-des-brochures\/\",\"name\":\"T\u00e9l\u00e9charger Des Brochures - SIB Torino\",\"isPartOf\":{\"@id\":\"https:\/\/www.sibtorino.it\/#website\"},\"datePublished\":\"2017-10-27T08:59:56+00:00\",\"dateModified\":\"2024-04-12T09:54:02+00:00\",\"description\":\"T\u00e9l\u00e9chargez la brochure SIB - Technologies de traitement thermique et de fusion, S\u00e9cheur de copeaux, Syst\u00e8me de recyclage de l'aluminium.\",\"breadcrumb\":{\"@id\":\"https:\/\/www.sibtorino.it\/fr\/telecharger-des-brochures\/#breadcrumb\"},\"inLanguage\":\"fr-FR\",\"potentialAction\":[{\"@type\":\"ReadAction\",\"target\":[\"https:\/\/www.sibtorino.it\/fr\/telecharger-des-brochures\/\"]}]},{\"@type\":\"BreadcrumbList\",\"@id\":\"https:\/\/www.sibtorino.it\/fr\/telecharger-des-brochures\/#breadcrumb\",\"itemListElement\":[{\"@type\":\"ListItem\",\"position\":1,\"name\":\"Home\",\"item\":\"https:\/\/www.sibtorino.it\/fr\/\"},{\"@type\":\"ListItem\",\"position\":2,\"name\":\"T\u00e9l\u00e9charger Des Brochures\"}]},{\"@type\":\"WebSite\",\"@id\":\"https:\/\/www.sibtorino.it\/#website\",\"url\":\"https:\/\/www.sibtorino.it\/\",\"name\":\"SIB Torino\",\"description\":\"Tecnologie Di Combustione - Combustion Technology\",\"publisher\":{\"@id\":\"https:\/\/www.sibtorino.it\/#organization\"},\"potentialAction\":[{\"@type\":\"SearchAction\",\"target\":{\"@type\":\"EntryPoint\",\"urlTemplate\":\"https:\/\/www.sibtorino.it\/?s={search_term_string}\"},\"query-input\":{\"@type\":\"PropertyValueSpecification\",\"valueRequired\":true,\"valueName\":\"search_term_string\"}}],\"inLanguage\":\"fr-FR\"},{\"@type\":\"Organization\",\"@id\":\"https:\/\/www.sibtorino.it\/#organization\",\"name\":\"SIB Torino\",\"url\":\"https:\/\/www.sibtorino.it\/\",\"logo\":{\"@type\":\"ImageObject\",\"inLanguage\":\"fr-FR\",\"@id\":\"https:\/\/www.sibtorino.it\/#\/schema\/logo\/image\/\",\"url\":\"https:\/\/www.sibtorino.it\/wp-content\/uploads\/2017\/07\/sib-torino-logo@2x.png\",\"contentUrl\":\"https:\/\/www.sibtorino.it\/wp-content\/uploads\/2017\/07\/sib-torino-logo@2x.png\",\"width\":300,\"height\":168,\"caption\":\"SIB Torino\"},\"image\":{\"@id\":\"https:\/\/www.sibtorino.it\/#\/schema\/logo\/image\/\"}}]}<\/script>\n<!-- \/ Yoast SEO plugin. -->","yoast_head_json":{"title":"T\u00e9l\u00e9charger Des Brochures - SIB Torino","description":"T\u00e9l\u00e9chargez la brochure SIB - Technologies de traitement thermique et de fusion, S\u00e9cheur de copeaux, Syst\u00e8me de recyclage de l'aluminium.","robots":{"index":"index","follow":"follow","max-snippet":"max-snippet:-1","max-image-preview":"max-image-preview:large","max-video-preview":"max-video-preview:-1"},"canonical":"https:\/\/www.sibtorino.it\/fr\/telecharger-des-brochures\/","og_locale":"fr_FR","og_type":"article","og_title":"T\u00e9l\u00e9charger Des Brochures - SIB Torino","og_description":"T\u00e9l\u00e9chargez la brochure SIB - Technologies de traitement thermique et de fusion, S\u00e9cheur de copeaux, Syst\u00e8me de recyclage de l'aluminium.","og_url":"https:\/\/www.sibtorino.it\/fr\/telecharger-des-brochures\/","og_site_name":"SIB Torino","article_modified_time":"2024-04-12T09:54:02+00:00","twitter_card":"summary_large_image","twitter_misc":{"Est. reading time":"1 minute"},"schema":{"@context":"https:\/\/schema.org","@graph":[{"@type":"WebPage","@id":"https:\/\/www.sibtorino.it\/fr\/telecharger-des-brochures\/","url":"https:\/\/www.sibtorino.it\/fr\/telecharger-des-brochures\/","name":"T\u00e9l\u00e9charger Des Brochures - SIB Torino","isPartOf":{"@id":"https:\/\/www.sibtorino.it\/#website"},"datePublished":"2017-10-27T08:59:56+00:00","dateModified":"2024-04-12T09:54:02+00:00","description":"T\u00e9l\u00e9chargez la brochure SIB - Technologies de traitement thermique et de fusion, S\u00e9cheur de copeaux, Syst\u00e8me de recyclage de l'aluminium.","breadcrumb":{"@id":"https:\/\/www.sibtorino.it\/fr\/telecharger-des-brochures\/#breadcrumb"},"inLanguage":"fr-FR","potentialAction":[{"@type":"ReadAction","target":["https:\/\/www.sibtorino.it\/fr\/telecharger-des-brochures\/"]}]},{"@type":"BreadcrumbList","@id":"https:\/\/www.sibtorino.it\/fr\/telecharger-des-brochures\/#breadcrumb","itemListElement":[{"@type":"ListItem","position":1,"name":"Home","item":"https:\/\/www.sibtorino.it\/fr\/"},{"@type":"ListItem","position":2,"name":"T\u00e9l\u00e9charger Des Brochures"}]},{"@type":"WebSite","@id":"https:\/\/www.sibtorino.it\/#website","url":"https:\/\/www.sibtorino.it\/","name":"SIB Torino","description":"Tecnologie Di Combustione - Combustion Technology","publisher":{"@id":"https:\/\/www.sibtorino.it\/#organization"},"potentialAction":[{"@type":"SearchAction","target":{"@type":"EntryPoint","urlTemplate":"https:\/\/www.sibtorino.it\/?s={search_term_string}"},"query-input":{"@type":"PropertyValueSpecification","valueRequired":true,"valueName":"search_term_string"}}],"inLanguage":"fr-FR"},{"@type":"Organization","@id":"https:\/\/www.sibtorino.it\/#organization","name":"SIB Torino","url":"https:\/\/www.sibtorino.it\/","logo":{"@type":"ImageObject","inLanguage":"fr-FR","@id":"https:\/\/www.sibtorino.it\/#\/schema\/logo\/image\/","url":"https:\/\/www.sibtorino.it\/wp-content\/uploads\/2017\/07\/sib-torino-logo@2x.png","contentUrl":"https:\/\/www.sibtorino.it\/wp-content\/uploads\/2017\/07\/sib-torino-logo@2x.png","width":300,"height":168,"caption":"SIB Torino"},"image":{"@id":"https:\/\/www.sibtorino.it\/#\/schema\/logo\/image\/"}}]}},"_links":{"self":[{"href":"https:\/\/www.sibtorino.it\/fr\/wp-json\/wp\/v2\/pages\/3631","targetHints":{"allow":["GET"]}}],"collection":[{"href":"https:\/\/www.sibtorino.it\/fr\/wp-json\/wp\/v2\/pages"}],"about":[{"href":"https:\/\/www.sibtorino.it\/fr\/wp-json\/wp\/v2\/types\/page"}],"author":[{"embeddable":true,"href":"https:\/\/www.sibtorino.it\/fr\/wp-json\/wp\/v2\/users\/1"}],"replies":[{"embeddable":true,"href":"https:\/\/www.sibtorino.it\/fr\/wp-json\/wp\/v2\/comments?post=3631"}],"version-history":[{"count":2,"href":"https:\/\/www.sibtorino.it\/fr\/wp-json\/wp\/v2\/pages\/3631\/revisions"}],"predecessor-version":[{"id":3633,"href":"https:\/\/www.sibtorino.it\/fr\/wp-json\/wp\/v2\/pages\/3631\/revisions\/3633"}],"wp:attachment":[{"href":"https:\/\/www.sibtorino.it\/fr\/wp-json\/wp\/v2\/media?parent=3631"}],"curies":[{"name":"wp","href":"https:\/\/api.w.org\/{rel}","templated":true}]}}