{"id":3617,"date":"2017-12-30T11:24:58","date_gmt":"2017-12-30T11:24:58","guid":{"rendered":"https:\/\/www.sibtorino.it\/politica-della-qualita\/"},"modified":"2024-04-12T09:30:38","modified_gmt":"2024-04-12T09:30:38","slug":"politique-de-qualite","status":"publish","type":"page","link":"https:\/\/www.sibtorino.it\/fr\/politique-de-qualite\/","title":{"rendered":"Politique de Qualit\u00e9"},"content":{"rendered":"<div class=\"wpb-content-wrapper\"><p>[vc_row][vc_column][vc_column_text]<\/p>\n<h2>Politique de Qualit\u00e9<\/h2>\n<p>&nbsp;<\/p>\n<h3><strong>SIB srl entend concr\u00e9tiser sa Politique de Qualit\u00e9 \u00e0 travers les actions suivantes: <\/strong><\/h3>\n<p>&nbsp;<\/p>\n<ul>\n<li><strong>CLIENTS ET MARCH\u00c9S<\/strong>: L&#8217;entreprise entend fournir \u00e0 ses clients un service de haut niveau, \u00e0 travers des produits et des services en ligne avec les attentes, en cr\u00e9ant la meilleure satisfaction possible de la client\u00e8le.<\/li>\n<\/ul>\n<p>&nbsp;<\/p>\n<ul>\n<li><strong>QUALIT\u00c9 DES PRODUITS<\/strong><strong>: <\/strong>Augmenter la qualit\u00e9 des produits en veillant \u00e0 ce qu\u2019ils respondend aux normes techniques les plus \u00e9lev\u00e9es du march\u00e9.<\/li>\n<\/ul>\n<p><strong>\u00a0<\/strong><\/p>\n<ul>\n<li><strong>S\u00c9CURIT\u00c9:<\/strong> L\u2019entreprise se charge de r\u00e9aliser une pr\u00e9vention adapt\u00e9e aux normes les plus \u00e9lev\u00e9es exig\u00e9es par les lois en vigueur.<\/li>\n<\/ul>\n<p><strong>\u00a0<\/strong><\/p>\n<ul>\n<li><strong>PERSONNEL: <\/strong>L\u2019entreprise veut impliquer tout le personnel dans le syst\u00e8me de gestion de la qualit\u00e9.<\/li>\n<\/ul>\n<p><strong>\u00a0<\/strong><\/p>\n<ul>\n<li><strong> SYST\u00c8ME DE GESTION DE LA QUALITE: <\/strong>Gr\u00e2ce \u00e0 l\u2019application du SGQ, utiliser la norme pour am\u00e9liorer la gestion g\u00e9n\u00e9rale de l\u2019entreprise, en la dotant de ce qui est n\u00e9cessaire.<\/li>\n<\/ul>\n<p>&nbsp;<\/p>\n<p><strong>La SIB srl entend assumer un r\u00f4le social dans les territoires o\u00f9 elle op\u00e8re, en s\u2019int\u00e9grant de mani\u00e8re optimale avec les institutions et avec les projets qui pourraient \u00eatre d\u2019int\u00e9r\u00eat pour elle, en particulier ceux li\u00e9s \u00e0 sa fonction d\u2019entreprise et aux technologies utilis\u00e9es.<\/strong>[\/vc_column_text][\/vc_column][\/vc_row]<\/p>\n<\/div>","protected":false},"excerpt":{"rendered":"<p>[vc_row][vc_column][vc_column_text] Politique de Qualit\u00e9 &nbsp; SIB srl entend concr\u00e9tiser sa Politique de Qualit\u00e9 \u00e0 travers les actions suivantes: &nbsp; CLIENTS ET MARCH\u00c9S: L&#8217;entreprise entend fournir \u00e0 ses clients un service de haut niveau, \u00e0 travers des produits et des services en ligne avec les attentes, en cr\u00e9ant la meilleure satisfaction possible de la client\u00e8le. &nbsp;&hellip;<\/p>\n","protected":false},"author":1,"featured_media":0,"parent":0,"menu_order":0,"comment_status":"closed","ping_status":"closed","template":"","meta":{"footnotes":""},"class_list":["post-3617","page","type-page","status-publish","hentry","description-off"],"yoast_head":"<!-- This site is optimized with the Yoast SEO plugin v27.2 - https:\/\/yoast.com\/product\/yoast-seo-wordpress\/ -->\n<title>Politique de Qualit\u00e9 - SIB Torino<\/title>\n<meta name=\"description\" content=\"Politique de qualit\u00e9 - SIB Torino. SIB srl entend concr\u00e9tiser sa Politique Qualit\u00e9 \u00e0 travers les actions suivantes...\" \/>\n<meta name=\"robots\" content=\"index, follow, max-snippet:-1, max-image-preview:large, max-video-preview:-1\" \/>\n<link rel=\"canonical\" href=\"https:\/\/www.sibtorino.it\/fr\/politique-de-qualite\/\" \/>\n<meta property=\"og:locale\" content=\"fr_FR\" \/>\n<meta property=\"og:type\" content=\"article\" \/>\n<meta property=\"og:title\" content=\"Politique de Qualit\u00e9 - SIB Torino\" \/>\n<meta property=\"og:description\" content=\"Politique de qualit\u00e9 - SIB Torino. SIB srl entend concr\u00e9tiser sa Politique Qualit\u00e9 \u00e0 travers les actions suivantes...\" \/>\n<meta property=\"og:url\" content=\"https:\/\/www.sibtorino.it\/fr\/politique-de-qualite\/\" \/>\n<meta property=\"og:site_name\" content=\"SIB Torino\" \/>\n<meta property=\"article:modified_time\" content=\"2024-04-12T09:30:38+00:00\" \/>\n<meta name=\"twitter:card\" content=\"summary_large_image\" \/>\n<meta name=\"twitter:label1\" content=\"Est. reading time\" \/>\n\t<meta name=\"twitter:data1\" content=\"1 minute\" \/>\n<script type=\"application\/ld+json\" class=\"yoast-schema-graph\">{\"@context\":\"https:\/\/schema.org\",\"@graph\":[{\"@type\":\"WebPage\",\"@id\":\"https:\/\/www.sibtorino.it\/fr\/politique-de-qualite\/\",\"url\":\"https:\/\/www.sibtorino.it\/fr\/politique-de-qualite\/\",\"name\":\"Politique de Qualit\u00e9 - SIB Torino\",\"isPartOf\":{\"@id\":\"https:\/\/www.sibtorino.it\/#website\"},\"datePublished\":\"2017-12-30T11:24:58+00:00\",\"dateModified\":\"2024-04-12T09:30:38+00:00\",\"description\":\"Politique de qualit\u00e9 - SIB Torino. SIB srl entend concr\u00e9tiser sa Politique Qualit\u00e9 \u00e0 travers les actions suivantes...\",\"breadcrumb\":{\"@id\":\"https:\/\/www.sibtorino.it\/fr\/politique-de-qualite\/#breadcrumb\"},\"inLanguage\":\"fr-FR\",\"potentialAction\":[{\"@type\":\"ReadAction\",\"target\":[\"https:\/\/www.sibtorino.it\/fr\/politique-de-qualite\/\"]}]},{\"@type\":\"BreadcrumbList\",\"@id\":\"https:\/\/www.sibtorino.it\/fr\/politique-de-qualite\/#breadcrumb\",\"itemListElement\":[{\"@type\":\"ListItem\",\"position\":1,\"name\":\"Home\",\"item\":\"https:\/\/www.sibtorino.it\/fr\/\"},{\"@type\":\"ListItem\",\"position\":2,\"name\":\"Politique de Qualit\u00e9\"}]},{\"@type\":\"WebSite\",\"@id\":\"https:\/\/www.sibtorino.it\/#website\",\"url\":\"https:\/\/www.sibtorino.it\/\",\"name\":\"SIB Torino\",\"description\":\"Tecnologie Di Combustione - Combustion Technology\",\"publisher\":{\"@id\":\"https:\/\/www.sibtorino.it\/#organization\"},\"potentialAction\":[{\"@type\":\"SearchAction\",\"target\":{\"@type\":\"EntryPoint\",\"urlTemplate\":\"https:\/\/www.sibtorino.it\/?s={search_term_string}\"},\"query-input\":{\"@type\":\"PropertyValueSpecification\",\"valueRequired\":true,\"valueName\":\"search_term_string\"}}],\"inLanguage\":\"fr-FR\"},{\"@type\":\"Organization\",\"@id\":\"https:\/\/www.sibtorino.it\/#organization\",\"name\":\"SIB Torino\",\"url\":\"https:\/\/www.sibtorino.it\/\",\"logo\":{\"@type\":\"ImageObject\",\"inLanguage\":\"fr-FR\",\"@id\":\"https:\/\/www.sibtorino.it\/#\/schema\/logo\/image\/\",\"url\":\"https:\/\/www.sibtorino.it\/wp-content\/uploads\/2017\/07\/sib-torino-logo@2x.png\",\"contentUrl\":\"https:\/\/www.sibtorino.it\/wp-content\/uploads\/2017\/07\/sib-torino-logo@2x.png\",\"width\":300,\"height\":168,\"caption\":\"SIB Torino\"},\"image\":{\"@id\":\"https:\/\/www.sibtorino.it\/#\/schema\/logo\/image\/\"}}]}<\/script>\n<!-- \/ Yoast SEO plugin. -->","yoast_head_json":{"title":"Politique de Qualit\u00e9 - SIB Torino","description":"Politique de qualit\u00e9 - SIB Torino. SIB srl entend concr\u00e9tiser sa Politique Qualit\u00e9 \u00e0 travers les actions suivantes...","robots":{"index":"index","follow":"follow","max-snippet":"max-snippet:-1","max-image-preview":"max-image-preview:large","max-video-preview":"max-video-preview:-1"},"canonical":"https:\/\/www.sibtorino.it\/fr\/politique-de-qualite\/","og_locale":"fr_FR","og_type":"article","og_title":"Politique de Qualit\u00e9 - SIB Torino","og_description":"Politique de qualit\u00e9 - SIB Torino. SIB srl entend concr\u00e9tiser sa Politique Qualit\u00e9 \u00e0 travers les actions suivantes...","og_url":"https:\/\/www.sibtorino.it\/fr\/politique-de-qualite\/","og_site_name":"SIB Torino","article_modified_time":"2024-04-12T09:30:38+00:00","twitter_card":"summary_large_image","twitter_misc":{"Est. reading time":"1 minute"},"schema":{"@context":"https:\/\/schema.org","@graph":[{"@type":"WebPage","@id":"https:\/\/www.sibtorino.it\/fr\/politique-de-qualite\/","url":"https:\/\/www.sibtorino.it\/fr\/politique-de-qualite\/","name":"Politique de Qualit\u00e9 - SIB Torino","isPartOf":{"@id":"https:\/\/www.sibtorino.it\/#website"},"datePublished":"2017-12-30T11:24:58+00:00","dateModified":"2024-04-12T09:30:38+00:00","description":"Politique de qualit\u00e9 - SIB Torino. SIB srl entend concr\u00e9tiser sa Politique Qualit\u00e9 \u00e0 travers les actions suivantes...","breadcrumb":{"@id":"https:\/\/www.sibtorino.it\/fr\/politique-de-qualite\/#breadcrumb"},"inLanguage":"fr-FR","potentialAction":[{"@type":"ReadAction","target":["https:\/\/www.sibtorino.it\/fr\/politique-de-qualite\/"]}]},{"@type":"BreadcrumbList","@id":"https:\/\/www.sibtorino.it\/fr\/politique-de-qualite\/#breadcrumb","itemListElement":[{"@type":"ListItem","position":1,"name":"Home","item":"https:\/\/www.sibtorino.it\/fr\/"},{"@type":"ListItem","position":2,"name":"Politique de Qualit\u00e9"}]},{"@type":"WebSite","@id":"https:\/\/www.sibtorino.it\/#website","url":"https:\/\/www.sibtorino.it\/","name":"SIB Torino","description":"Tecnologie Di Combustione - Combustion Technology","publisher":{"@id":"https:\/\/www.sibtorino.it\/#organization"},"potentialAction":[{"@type":"SearchAction","target":{"@type":"EntryPoint","urlTemplate":"https:\/\/www.sibtorino.it\/?s={search_term_string}"},"query-input":{"@type":"PropertyValueSpecification","valueRequired":true,"valueName":"search_term_string"}}],"inLanguage":"fr-FR"},{"@type":"Organization","@id":"https:\/\/www.sibtorino.it\/#organization","name":"SIB Torino","url":"https:\/\/www.sibtorino.it\/","logo":{"@type":"ImageObject","inLanguage":"fr-FR","@id":"https:\/\/www.sibtorino.it\/#\/schema\/logo\/image\/","url":"https:\/\/www.sibtorino.it\/wp-content\/uploads\/2017\/07\/sib-torino-logo@2x.png","contentUrl":"https:\/\/www.sibtorino.it\/wp-content\/uploads\/2017\/07\/sib-torino-logo@2x.png","width":300,"height":168,"caption":"SIB Torino"},"image":{"@id":"https:\/\/www.sibtorino.it\/#\/schema\/logo\/image\/"}}]}},"_links":{"self":[{"href":"https:\/\/www.sibtorino.it\/fr\/wp-json\/wp\/v2\/pages\/3617","targetHints":{"allow":["GET"]}}],"collection":[{"href":"https:\/\/www.sibtorino.it\/fr\/wp-json\/wp\/v2\/pages"}],"about":[{"href":"https:\/\/www.sibtorino.it\/fr\/wp-json\/wp\/v2\/types\/page"}],"author":[{"embeddable":true,"href":"https:\/\/www.sibtorino.it\/fr\/wp-json\/wp\/v2\/users\/1"}],"replies":[{"embeddable":true,"href":"https:\/\/www.sibtorino.it\/fr\/wp-json\/wp\/v2\/comments?post=3617"}],"version-history":[{"count":2,"href":"https:\/\/www.sibtorino.it\/fr\/wp-json\/wp\/v2\/pages\/3617\/revisions"}],"predecessor-version":[{"id":3619,"href":"https:\/\/www.sibtorino.it\/fr\/wp-json\/wp\/v2\/pages\/3617\/revisions\/3619"}],"wp:attachment":[{"href":"https:\/\/www.sibtorino.it\/fr\/wp-json\/wp\/v2\/media?parent=3617"}],"curies":[{"name":"wp","href":"https:\/\/api.w.org\/{rel}","templated":true}]}}