{"id":3685,"date":"2017-10-16T08:40:04","date_gmt":"2017-10-16T08:40:04","guid":{"rendered":"https:\/\/www.sibtorino.it\/profilo\/"},"modified":"2024-04-12T09:36:37","modified_gmt":"2024-04-12T09:36:37","slug":"perfil","status":"publish","type":"page","link":"https:\/\/www.sibtorino.it\/es\/perfil\/","title":{"rendered":"Perfil"},"content":{"rendered":"<div class=\"wpb-content-wrapper\"><p>[vc_row][vc_column][vc_column_text]<\/p>\n<h2>Perfil<\/h2>\n<p style=\"text-align: justify;\">SIB srl es una estructura industrial que produce, con sus tecnolog\u00edas y competencias , sistemas de combusti\u00f3n, hornos y sistemas de tratamiento desde hace m\u00e1s de 40 a\u00f1os. Esto ha dado lugar a una amplia y comprobada experiencia tanto en la fase de dise\u00f1o y construcci\u00f3n, como en la instalaci\u00f3n y mantenimiento de sus sistemas.<br \/>\nNuestras numerosas aplicaciones en el campo de los tratamientos superficiales y de la fundici\u00f3n de aluminio y materiales no ferrosos, han favorecido con el tiempo el desarrollo y la mejora de nuestro departamento t\u00e9cnico para el dise\u00f1o y la construcci\u00f3n de instalaciones completas para el reciclaje de aluminio contaminado con agua y sustancias org\u00e1nicas (aceites, pinturas, etc.).<br \/>\nEl &#8220;pulm\u00f3n&#8221; de este sistema es el CDS (Chips Dryer System), que combinado con un horno de fusi\u00f3n especial permite una alta eficiencia en la recuperaci\u00f3n del aluminio.<br \/>\nEl sistema CDS consiste en una serie de equipos que permiten la cogeneraci\u00f3n de la energ\u00eda necesaria para el tratamiento t\u00e9rmico del aluminio.<br \/>\nEl criterio t\u00e9cnico del sistema es el secado de los materiales mediante intercambio t\u00e9rmico convectivo y radiante entre el material a tratar y los gases procedentes del Post-Combustor\/ Recuperador de energ\u00eda: los valores de ox\u00edgeno y temperatura de los gases se controlar\u00e1n constantemente en su movimiento contracorriente con respecto al material a tratar. Tambi\u00e9n puede utilizar los gases de escape del horno de fusi\u00f3n para una entrada de energ\u00eda t\u00e9rmica que reduce significativamente los costos de energ\u00eda.<br \/>\nEn general, cada sistema SIB est\u00e1 dimensionado seg\u00fan las exigencias espec\u00edficas del cliente y por lo tanto no est\u00e1 estandarizado sino su configuraci\u00f3n, m\u00e1s o menos compleja, es el resultado de un proceso dirigido a satisfacer las necesidades del cliente y optimizar el rendimiento t\u00e9cnico y econ\u00f3mico. Todo esto se hace respetando las caracter\u00edsticas de los materiales tratados conforme a las normativas vigentes dentro de la Comunidad Europea y seg\u00fan las normas U.S.A.(UL\/FM).<\/p>\n<p>[\/vc_column_text][vc_single_image image=&#8221;2494&#8243; img_size=&#8221;full&#8221; alignment=&#8221;center&#8221;][\/vc_column][\/vc_row]<\/p>\n<\/div>","protected":false},"excerpt":{"rendered":"<p>[vc_row][vc_column][vc_column_text] Perfil SIB srl es una estructura industrial que produce, con sus tecnolog\u00edas y competencias , sistemas de combusti\u00f3n, hornos y sistemas de tratamiento desde hace m\u00e1s de 40 a\u00f1os. Esto ha dado lugar a una amplia y comprobada experiencia tanto en la fase de dise\u00f1o y construcci\u00f3n, como en la instalaci\u00f3n y mantenimiento de&hellip;<\/p>\n","protected":false},"author":1,"featured_media":0,"parent":0,"menu_order":0,"comment_status":"closed","ping_status":"closed","template":"","meta":{"footnotes":""},"class_list":["post-3685","page","type-page","status-publish","hentry","description-off"],"yoast_head":"<!-- This site is optimized with the Yoast SEO plugin v27.2 - https:\/\/yoast.com\/product\/yoast-seo-wordpress\/ -->\n<title>Perfil - SIB Torino<\/title>\n<meta name=\"description\" content=\"Perfil - SIB srl es una estructura industrial que produce sistemas de combusti\u00f3n, hornos y sistemas de tratamiento para la industria desde hace m\u00e1s de 40 a\u00f1os.\" \/>\n<meta name=\"robots\" content=\"index, follow, max-snippet:-1, max-image-preview:large, max-video-preview:-1\" \/>\n<link rel=\"canonical\" href=\"https:\/\/www.sibtorino.it\/es\/perfil\/\" \/>\n<meta property=\"og:locale\" content=\"es_ES\" \/>\n<meta property=\"og:type\" content=\"article\" \/>\n<meta property=\"og:title\" content=\"Perfil - SIB Torino\" \/>\n<meta property=\"og:description\" content=\"Perfil - SIB srl es una estructura industrial que produce sistemas de combusti\u00f3n, hornos y sistemas de tratamiento para la industria desde hace m\u00e1s de 40 a\u00f1os.\" \/>\n<meta property=\"og:url\" content=\"https:\/\/www.sibtorino.it\/es\/perfil\/\" \/>\n<meta property=\"og:site_name\" content=\"SIB Torino\" \/>\n<meta property=\"article:modified_time\" content=\"2024-04-12T09:36:37+00:00\" \/>\n<meta name=\"twitter:card\" content=\"summary_large_image\" \/>\n<meta name=\"twitter:label1\" content=\"Est. reading time\" \/>\n\t<meta name=\"twitter:data1\" content=\"2 minutes\" \/>\n<script type=\"application\/ld+json\" class=\"yoast-schema-graph\">{\"@context\":\"https:\/\/schema.org\",\"@graph\":[{\"@type\":\"WebPage\",\"@id\":\"https:\/\/www.sibtorino.it\/es\/perfil\/\",\"url\":\"https:\/\/www.sibtorino.it\/es\/perfil\/\",\"name\":\"Perfil - SIB Torino\",\"isPartOf\":{\"@id\":\"https:\/\/www.sibtorino.it\/#website\"},\"datePublished\":\"2017-10-16T08:40:04+00:00\",\"dateModified\":\"2024-04-12T09:36:37+00:00\",\"description\":\"Perfil - SIB srl es una estructura industrial que produce sistemas de combusti\u00f3n, hornos y sistemas de tratamiento para la industria desde hace m\u00e1s de 40 a\u00f1os.\",\"breadcrumb\":{\"@id\":\"https:\/\/www.sibtorino.it\/es\/perfil\/#breadcrumb\"},\"inLanguage\":\"es-ES\",\"potentialAction\":[{\"@type\":\"ReadAction\",\"target\":[\"https:\/\/www.sibtorino.it\/es\/perfil\/\"]}]},{\"@type\":\"BreadcrumbList\",\"@id\":\"https:\/\/www.sibtorino.it\/es\/perfil\/#breadcrumb\",\"itemListElement\":[{\"@type\":\"ListItem\",\"position\":1,\"name\":\"Home\",\"item\":\"https:\/\/www.sibtorino.it\/es\/\"},{\"@type\":\"ListItem\",\"position\":2,\"name\":\"Perfil\"}]},{\"@type\":\"WebSite\",\"@id\":\"https:\/\/www.sibtorino.it\/#website\",\"url\":\"https:\/\/www.sibtorino.it\/\",\"name\":\"SIB Torino\",\"description\":\"Tecnologie Di Combustione - Combustion Technology\",\"publisher\":{\"@id\":\"https:\/\/www.sibtorino.it\/#organization\"},\"potentialAction\":[{\"@type\":\"SearchAction\",\"target\":{\"@type\":\"EntryPoint\",\"urlTemplate\":\"https:\/\/www.sibtorino.it\/?s={search_term_string}\"},\"query-input\":{\"@type\":\"PropertyValueSpecification\",\"valueRequired\":true,\"valueName\":\"search_term_string\"}}],\"inLanguage\":\"es-ES\"},{\"@type\":\"Organization\",\"@id\":\"https:\/\/www.sibtorino.it\/#organization\",\"name\":\"SIB Torino\",\"url\":\"https:\/\/www.sibtorino.it\/\",\"logo\":{\"@type\":\"ImageObject\",\"inLanguage\":\"es-ES\",\"@id\":\"https:\/\/www.sibtorino.it\/#\/schema\/logo\/image\/\",\"url\":\"https:\/\/www.sibtorino.it\/wp-content\/uploads\/2017\/07\/sib-torino-logo@2x.png\",\"contentUrl\":\"https:\/\/www.sibtorino.it\/wp-content\/uploads\/2017\/07\/sib-torino-logo@2x.png\",\"width\":300,\"height\":168,\"caption\":\"SIB Torino\"},\"image\":{\"@id\":\"https:\/\/www.sibtorino.it\/#\/schema\/logo\/image\/\"}}]}<\/script>\n<!-- \/ Yoast SEO plugin. -->","yoast_head_json":{"title":"Perfil - SIB Torino","description":"Perfil - SIB srl es una estructura industrial que produce sistemas de combusti\u00f3n, hornos y sistemas de tratamiento para la industria desde hace m\u00e1s de 40 a\u00f1os.","robots":{"index":"index","follow":"follow","max-snippet":"max-snippet:-1","max-image-preview":"max-image-preview:large","max-video-preview":"max-video-preview:-1"},"canonical":"https:\/\/www.sibtorino.it\/es\/perfil\/","og_locale":"es_ES","og_type":"article","og_title":"Perfil - SIB Torino","og_description":"Perfil - SIB srl es una estructura industrial que produce sistemas de combusti\u00f3n, hornos y sistemas de tratamiento para la industria desde hace m\u00e1s de 40 a\u00f1os.","og_url":"https:\/\/www.sibtorino.it\/es\/perfil\/","og_site_name":"SIB Torino","article_modified_time":"2024-04-12T09:36:37+00:00","twitter_card":"summary_large_image","twitter_misc":{"Est. reading time":"2 minutes"},"schema":{"@context":"https:\/\/schema.org","@graph":[{"@type":"WebPage","@id":"https:\/\/www.sibtorino.it\/es\/perfil\/","url":"https:\/\/www.sibtorino.it\/es\/perfil\/","name":"Perfil - SIB Torino","isPartOf":{"@id":"https:\/\/www.sibtorino.it\/#website"},"datePublished":"2017-10-16T08:40:04+00:00","dateModified":"2024-04-12T09:36:37+00:00","description":"Perfil - SIB srl es una estructura industrial que produce sistemas de combusti\u00f3n, hornos y sistemas de tratamiento para la industria desde hace m\u00e1s de 40 a\u00f1os.","breadcrumb":{"@id":"https:\/\/www.sibtorino.it\/es\/perfil\/#breadcrumb"},"inLanguage":"es-ES","potentialAction":[{"@type":"ReadAction","target":["https:\/\/www.sibtorino.it\/es\/perfil\/"]}]},{"@type":"BreadcrumbList","@id":"https:\/\/www.sibtorino.it\/es\/perfil\/#breadcrumb","itemListElement":[{"@type":"ListItem","position":1,"name":"Home","item":"https:\/\/www.sibtorino.it\/es\/"},{"@type":"ListItem","position":2,"name":"Perfil"}]},{"@type":"WebSite","@id":"https:\/\/www.sibtorino.it\/#website","url":"https:\/\/www.sibtorino.it\/","name":"SIB Torino","description":"Tecnologie Di Combustione - Combustion Technology","publisher":{"@id":"https:\/\/www.sibtorino.it\/#organization"},"potentialAction":[{"@type":"SearchAction","target":{"@type":"EntryPoint","urlTemplate":"https:\/\/www.sibtorino.it\/?s={search_term_string}"},"query-input":{"@type":"PropertyValueSpecification","valueRequired":true,"valueName":"search_term_string"}}],"inLanguage":"es-ES"},{"@type":"Organization","@id":"https:\/\/www.sibtorino.it\/#organization","name":"SIB Torino","url":"https:\/\/www.sibtorino.it\/","logo":{"@type":"ImageObject","inLanguage":"es-ES","@id":"https:\/\/www.sibtorino.it\/#\/schema\/logo\/image\/","url":"https:\/\/www.sibtorino.it\/wp-content\/uploads\/2017\/07\/sib-torino-logo@2x.png","contentUrl":"https:\/\/www.sibtorino.it\/wp-content\/uploads\/2017\/07\/sib-torino-logo@2x.png","width":300,"height":168,"caption":"SIB Torino"},"image":{"@id":"https:\/\/www.sibtorino.it\/#\/schema\/logo\/image\/"}}]}},"_links":{"self":[{"href":"https:\/\/www.sibtorino.it\/es\/wp-json\/wp\/v2\/pages\/3685","targetHints":{"allow":["GET"]}}],"collection":[{"href":"https:\/\/www.sibtorino.it\/es\/wp-json\/wp\/v2\/pages"}],"about":[{"href":"https:\/\/www.sibtorino.it\/es\/wp-json\/wp\/v2\/types\/page"}],"author":[{"embeddable":true,"href":"https:\/\/www.sibtorino.it\/es\/wp-json\/wp\/v2\/users\/1"}],"replies":[{"embeddable":true,"href":"https:\/\/www.sibtorino.it\/es\/wp-json\/wp\/v2\/comments?post=3685"}],"version-history":[{"count":1,"href":"https:\/\/www.sibtorino.it\/es\/wp-json\/wp\/v2\/pages\/3685\/revisions"}],"predecessor-version":[{"id":3687,"href":"https:\/\/www.sibtorino.it\/es\/wp-json\/wp\/v2\/pages\/3685\/revisions\/3687"}],"wp:attachment":[{"href":"https:\/\/www.sibtorino.it\/es\/wp-json\/wp\/v2\/media?parent=3685"}],"curies":[{"name":"wp","href":"https:\/\/api.w.org\/{rel}","templated":true}]}}