{"id":3607,"date":"2017-10-18T12:07:47","date_gmt":"2017-10-18T12:07:47","guid":{"rendered":"https:\/\/www.sibtorino.it\/servizi\/"},"modified":"2024-04-12T09:39:04","modified_gmt":"2024-04-12T09:39:04","slug":"servicios","status":"publish","type":"page","link":"https:\/\/www.sibtorino.it\/es\/servicios\/","title":{"rendered":"Servicios"},"content":{"rendered":"<div class=\"wpb-content-wrapper\"><p>[vc_row][vc_column width=&#8221;1\/2&#8243;][vc_column_text]<\/p>\n<h2>SERVICIOS<\/h2>\n<p>[\/vc_column_text][vc_column_text]<\/p>\n<h3>Dise\u00f1o, construcci\u00f3n y venta con nuestra asistencia t\u00e9cnica para la instalaci\u00f3n y puesta en marcha de:<\/h3>\n<ul>\n<li><strong>Sistemas de combusti\u00f3n<\/strong><\/li>\n<li><strong>Hornos de tratamiento t\u00e9rmico<\/strong><\/li>\n<li><strong>Hornos de fundici\u00f3n de aluminio<\/strong><\/li>\n<li><strong>Sistemas de secado<\/strong><\/li>\n<li><strong>Postquemadores<\/strong><\/li>\n<li><strong>Recuperadores de Calor<\/strong><\/li>\n<li><strong>Ahorro de la energ\u00eda t\u00e9rmica<\/strong><\/li>\n<\/ul>\n<p>[\/vc_column_text][\/vc_column][vc_column width=&#8221;1\/2&#8243;][vc_single_image image=&#8221;2402&#8243; img_size=&#8221;full&#8221;][\/vc_column][\/vc_row]<\/p>\n<\/div>","protected":false},"excerpt":{"rendered":"<p>[vc_row][vc_column width=&#8221;1\/2&#8243;][vc_column_text] SERVICIOS [\/vc_column_text][vc_column_text] Dise\u00f1o, construcci\u00f3n y venta con nuestra asistencia t\u00e9cnica para la instalaci\u00f3n y puesta en marcha de: Sistemas de combusti\u00f3n Hornos de tratamiento t\u00e9rmico Hornos de fundici\u00f3n de aluminio Sistemas de secado Postquemadores Recuperadores de Calor Ahorro de la energ\u00eda t\u00e9rmica [\/vc_column_text][\/vc_column][vc_column width=&#8221;1\/2&#8243;][vc_single_image image=&#8221;2402&#8243; img_size=&#8221;full&#8221;][\/vc_column][\/vc_row]<\/p>\n","protected":false},"author":1,"featured_media":0,"parent":0,"menu_order":0,"comment_status":"closed","ping_status":"closed","template":"","meta":{"footnotes":""},"class_list":["post-3607","page","type-page","status-publish","hentry","description-off"],"yoast_head":"<!-- This site is optimized with the Yoast SEO plugin v27.2 - https:\/\/yoast.com\/product\/yoast-seo-wordpress\/ -->\n<title>Servicios - SIB Torino<\/title>\n<meta name=\"description\" content=\"Servicios SIB Torino - Dise\u00f1o, Construcci\u00f3n y Venta con nuestra asistencia t\u00e9cnica para el montaje y la puesta en marcha.\" \/>\n<meta name=\"robots\" content=\"index, follow, max-snippet:-1, max-image-preview:large, max-video-preview:-1\" \/>\n<link rel=\"canonical\" href=\"https:\/\/www.sibtorino.it\/es\/servicios\/\" \/>\n<meta property=\"og:locale\" content=\"es_ES\" \/>\n<meta property=\"og:type\" content=\"article\" \/>\n<meta property=\"og:title\" content=\"Servicios - SIB Torino\" \/>\n<meta property=\"og:description\" content=\"Servicios SIB Torino - Dise\u00f1o, Construcci\u00f3n y Venta con nuestra asistencia t\u00e9cnica para el montaje y la puesta en marcha.\" \/>\n<meta property=\"og:url\" content=\"https:\/\/www.sibtorino.it\/es\/servicios\/\" \/>\n<meta property=\"og:site_name\" content=\"SIB Torino\" \/>\n<meta property=\"article:modified_time\" content=\"2024-04-12T09:39:04+00:00\" \/>\n<meta name=\"twitter:card\" content=\"summary_large_image\" \/>\n<meta name=\"twitter:label1\" content=\"Est. reading time\" \/>\n\t<meta name=\"twitter:data1\" content=\"1 minute\" \/>\n<script type=\"application\/ld+json\" class=\"yoast-schema-graph\">{\"@context\":\"https:\/\/schema.org\",\"@graph\":[{\"@type\":\"WebPage\",\"@id\":\"https:\/\/www.sibtorino.it\/es\/servicios\/\",\"url\":\"https:\/\/www.sibtorino.it\/es\/servicios\/\",\"name\":\"Servicios - SIB Torino\",\"isPartOf\":{\"@id\":\"https:\/\/www.sibtorino.it\/#website\"},\"datePublished\":\"2017-10-18T12:07:47+00:00\",\"dateModified\":\"2024-04-12T09:39:04+00:00\",\"description\":\"Servicios SIB Torino - Dise\u00f1o, Construcci\u00f3n y Venta con nuestra asistencia t\u00e9cnica para el montaje y la puesta en marcha.\",\"breadcrumb\":{\"@id\":\"https:\/\/www.sibtorino.it\/es\/servicios\/#breadcrumb\"},\"inLanguage\":\"es-ES\",\"potentialAction\":[{\"@type\":\"ReadAction\",\"target\":[\"https:\/\/www.sibtorino.it\/es\/servicios\/\"]}]},{\"@type\":\"BreadcrumbList\",\"@id\":\"https:\/\/www.sibtorino.it\/es\/servicios\/#breadcrumb\",\"itemListElement\":[{\"@type\":\"ListItem\",\"position\":1,\"name\":\"Home\",\"item\":\"https:\/\/www.sibtorino.it\/es\/\"},{\"@type\":\"ListItem\",\"position\":2,\"name\":\"Servicios\"}]},{\"@type\":\"WebSite\",\"@id\":\"https:\/\/www.sibtorino.it\/#website\",\"url\":\"https:\/\/www.sibtorino.it\/\",\"name\":\"SIB Torino\",\"description\":\"Tecnologie Di Combustione - Combustion Technology\",\"publisher\":{\"@id\":\"https:\/\/www.sibtorino.it\/#organization\"},\"potentialAction\":[{\"@type\":\"SearchAction\",\"target\":{\"@type\":\"EntryPoint\",\"urlTemplate\":\"https:\/\/www.sibtorino.it\/?s={search_term_string}\"},\"query-input\":{\"@type\":\"PropertyValueSpecification\",\"valueRequired\":true,\"valueName\":\"search_term_string\"}}],\"inLanguage\":\"es-ES\"},{\"@type\":\"Organization\",\"@id\":\"https:\/\/www.sibtorino.it\/#organization\",\"name\":\"SIB Torino\",\"url\":\"https:\/\/www.sibtorino.it\/\",\"logo\":{\"@type\":\"ImageObject\",\"inLanguage\":\"es-ES\",\"@id\":\"https:\/\/www.sibtorino.it\/#\/schema\/logo\/image\/\",\"url\":\"https:\/\/www.sibtorino.it\/wp-content\/uploads\/2017\/07\/sib-torino-logo@2x.png\",\"contentUrl\":\"https:\/\/www.sibtorino.it\/wp-content\/uploads\/2017\/07\/sib-torino-logo@2x.png\",\"width\":300,\"height\":168,\"caption\":\"SIB Torino\"},\"image\":{\"@id\":\"https:\/\/www.sibtorino.it\/#\/schema\/logo\/image\/\"}}]}<\/script>\n<!-- \/ Yoast SEO plugin. -->","yoast_head_json":{"title":"Servicios - SIB Torino","description":"Servicios SIB Torino - Dise\u00f1o, Construcci\u00f3n y Venta con nuestra asistencia t\u00e9cnica para el montaje y la puesta en marcha.","robots":{"index":"index","follow":"follow","max-snippet":"max-snippet:-1","max-image-preview":"max-image-preview:large","max-video-preview":"max-video-preview:-1"},"canonical":"https:\/\/www.sibtorino.it\/es\/servicios\/","og_locale":"es_ES","og_type":"article","og_title":"Servicios - SIB Torino","og_description":"Servicios SIB Torino - Dise\u00f1o, Construcci\u00f3n y Venta con nuestra asistencia t\u00e9cnica para el montaje y la puesta en marcha.","og_url":"https:\/\/www.sibtorino.it\/es\/servicios\/","og_site_name":"SIB Torino","article_modified_time":"2024-04-12T09:39:04+00:00","twitter_card":"summary_large_image","twitter_misc":{"Est. reading time":"1 minute"},"schema":{"@context":"https:\/\/schema.org","@graph":[{"@type":"WebPage","@id":"https:\/\/www.sibtorino.it\/es\/servicios\/","url":"https:\/\/www.sibtorino.it\/es\/servicios\/","name":"Servicios - SIB Torino","isPartOf":{"@id":"https:\/\/www.sibtorino.it\/#website"},"datePublished":"2017-10-18T12:07:47+00:00","dateModified":"2024-04-12T09:39:04+00:00","description":"Servicios SIB Torino - Dise\u00f1o, Construcci\u00f3n y Venta con nuestra asistencia t\u00e9cnica para el montaje y la puesta en marcha.","breadcrumb":{"@id":"https:\/\/www.sibtorino.it\/es\/servicios\/#breadcrumb"},"inLanguage":"es-ES","potentialAction":[{"@type":"ReadAction","target":["https:\/\/www.sibtorino.it\/es\/servicios\/"]}]},{"@type":"BreadcrumbList","@id":"https:\/\/www.sibtorino.it\/es\/servicios\/#breadcrumb","itemListElement":[{"@type":"ListItem","position":1,"name":"Home","item":"https:\/\/www.sibtorino.it\/es\/"},{"@type":"ListItem","position":2,"name":"Servicios"}]},{"@type":"WebSite","@id":"https:\/\/www.sibtorino.it\/#website","url":"https:\/\/www.sibtorino.it\/","name":"SIB Torino","description":"Tecnologie Di Combustione - Combustion Technology","publisher":{"@id":"https:\/\/www.sibtorino.it\/#organization"},"potentialAction":[{"@type":"SearchAction","target":{"@type":"EntryPoint","urlTemplate":"https:\/\/www.sibtorino.it\/?s={search_term_string}"},"query-input":{"@type":"PropertyValueSpecification","valueRequired":true,"valueName":"search_term_string"}}],"inLanguage":"es-ES"},{"@type":"Organization","@id":"https:\/\/www.sibtorino.it\/#organization","name":"SIB Torino","url":"https:\/\/www.sibtorino.it\/","logo":{"@type":"ImageObject","inLanguage":"es-ES","@id":"https:\/\/www.sibtorino.it\/#\/schema\/logo\/image\/","url":"https:\/\/www.sibtorino.it\/wp-content\/uploads\/2017\/07\/sib-torino-logo@2x.png","contentUrl":"https:\/\/www.sibtorino.it\/wp-content\/uploads\/2017\/07\/sib-torino-logo@2x.png","width":300,"height":168,"caption":"SIB Torino"},"image":{"@id":"https:\/\/www.sibtorino.it\/#\/schema\/logo\/image\/"}}]}},"_links":{"self":[{"href":"https:\/\/www.sibtorino.it\/es\/wp-json\/wp\/v2\/pages\/3607","targetHints":{"allow":["GET"]}}],"collection":[{"href":"https:\/\/www.sibtorino.it\/es\/wp-json\/wp\/v2\/pages"}],"about":[{"href":"https:\/\/www.sibtorino.it\/es\/wp-json\/wp\/v2\/types\/page"}],"author":[{"embeddable":true,"href":"https:\/\/www.sibtorino.it\/es\/wp-json\/wp\/v2\/users\/1"}],"replies":[{"embeddable":true,"href":"https:\/\/www.sibtorino.it\/es\/wp-json\/wp\/v2\/comments?post=3607"}],"version-history":[{"count":2,"href":"https:\/\/www.sibtorino.it\/es\/wp-json\/wp\/v2\/pages\/3607\/revisions"}],"predecessor-version":[{"id":3609,"href":"https:\/\/www.sibtorino.it\/es\/wp-json\/wp\/v2\/pages\/3607\/revisions\/3609"}],"wp:attachment":[{"href":"https:\/\/www.sibtorino.it\/es\/wp-json\/wp\/v2\/media?parent=3607"}],"curies":[{"name":"wp","href":"https:\/\/api.w.org\/{rel}","templated":true}]}}