{"id":3568,"date":"2017-12-30T11:24:58","date_gmt":"2017-12-30T11:24:58","guid":{"rendered":"https:\/\/www.sibtorino.it\/politica-della-qualita\/"},"modified":"2024-04-12T09:28:34","modified_gmt":"2024-04-12T09:28:34","slug":"politica-de-calidad","status":"publish","type":"page","link":"https:\/\/www.sibtorino.it\/es\/politica-de-calidad\/","title":{"rendered":"Pol\u00edtica De Calidad"},"content":{"rendered":"<div class=\"wpb-content-wrapper\"><p>[vc_row][vc_column][vc_column_text]<\/p>\n<h2>Pol\u00edtica De Calidad<\/h2>\n<p>&nbsp;<\/p>\n<h3><strong>La SIB srl quiere concretar su Pol\u00edtica de Calidad a trav\u00e9s de las siguientes acciones:<\/strong><\/h3>\n<p>&nbsp;<\/p>\n<ul>\n<li><strong>CLIENTES Y MERCADOS <\/strong>: La empresa pretende ofrecer a los clientes un servicio de alto nivel, a trav\u00e9s de productos y servicios en l\u00ednea con las expectativas, creando la mejor satisfacci\u00f3n posible entre los clientes.<\/li>\n<\/ul>\n<p>&nbsp;<\/p>\n<ul>\n<li><strong>CALIDAD DE LOS PRODUCTOS<\/strong><strong>: <\/strong>Aumentar la calidad de los productos asegur\u00e1ndose de que est\u00e1n a la altura de los m\u00e1s altos est\u00e1ndares t\u00e9cnicos presentes en el mercado.<\/li>\n<\/ul>\n<p><strong>\u00a0<\/strong><\/p>\n<ul>\n<li><strong>SEGURIDAD:<\/strong> La empresa se encarga de realizar una prevenci\u00f3n adecuada a los m\u00e1s altos est\u00e1ndares requeridos por las leyes vigentes.<\/li>\n<\/ul>\n<p><strong>\u00a0<\/strong><\/p>\n<ul>\n<li><strong>PERSONAL: <\/strong>La empresa quiere involucrar a todo el personal en el Sistema de Gesti\u00f3n de Calidad.<\/li>\n<\/ul>\n<p><strong>\u00a0<\/strong><\/p>\n<ul>\n<li><strong>SISTEMA DE GESTI\u00d3N DE LA CALIDAD:<\/strong>A trav\u00e9s de la aplicaci\u00f3n del SGC, utilice la Norma para mejorar la gesti\u00f3n general de la Empresa, dot\u00e1ndola de lo necesario.<\/li>\n<\/ul>\n<p>&nbsp;<\/p>\n<p><strong>La SIB srl quiere asumir un papel social en los territorios donde opera, integr\u00e1ndose de manera \u00f3ptima con las instituciones y con los proyectos que pudieran ser de su inter\u00e9s, en particular los relacionados con la propia funci\u00f3n empresarial y con las tecnolog\u00edas utilizadas.<\/strong>[\/vc_column_text][\/vc_column][\/vc_row]<\/p>\n<\/div>","protected":false},"excerpt":{"rendered":"<p>[vc_row][vc_column][vc_column_text] Pol\u00edtica De Calidad &nbsp; La SIB srl quiere concretar su Pol\u00edtica de Calidad a trav\u00e9s de las siguientes acciones: &nbsp; CLIENTES Y MERCADOS : La empresa pretende ofrecer a los clientes un servicio de alto nivel, a trav\u00e9s de productos y servicios en l\u00ednea con las expectativas, creando la mejor satisfacci\u00f3n posible entre los&hellip;<\/p>\n","protected":false},"author":1,"featured_media":0,"parent":0,"menu_order":0,"comment_status":"closed","ping_status":"closed","template":"","meta":{"footnotes":""},"class_list":["post-3568","page","type-page","status-publish","hentry","description-off"],"yoast_head":"<!-- This site is optimized with the Yoast SEO plugin v27.2 - https:\/\/yoast.com\/product\/yoast-seo-wordpress\/ -->\n<title>Pol\u00edtica De Calidad - SIB Torino<\/title>\n<meta name=\"description\" content=\"Pol\u00edtica de calidad - SIB Torino. SIB srl pretende concretar su Pol\u00edtica de Calidad a trav\u00e9s de las siguientes acciones...\" \/>\n<meta name=\"robots\" content=\"index, follow, max-snippet:-1, max-image-preview:large, max-video-preview:-1\" \/>\n<link rel=\"canonical\" href=\"https:\/\/www.sibtorino.it\/es\/politica-de-calidad\/\" \/>\n<meta property=\"og:locale\" content=\"es_ES\" \/>\n<meta property=\"og:type\" content=\"article\" \/>\n<meta property=\"og:title\" content=\"Pol\u00edtica De Calidad - SIB Torino\" \/>\n<meta property=\"og:description\" content=\"Pol\u00edtica de calidad - SIB Torino. SIB srl pretende concretar su Pol\u00edtica de Calidad a trav\u00e9s de las siguientes acciones...\" \/>\n<meta property=\"og:url\" content=\"https:\/\/www.sibtorino.it\/es\/politica-de-calidad\/\" \/>\n<meta property=\"og:site_name\" content=\"SIB Torino\" \/>\n<meta property=\"article:modified_time\" content=\"2024-04-12T09:28:34+00:00\" \/>\n<meta name=\"twitter:card\" content=\"summary_large_image\" \/>\n<meta name=\"twitter:label1\" content=\"Est. reading time\" \/>\n\t<meta name=\"twitter:data1\" content=\"2 minutes\" \/>\n<script type=\"application\/ld+json\" class=\"yoast-schema-graph\">{\"@context\":\"https:\/\/schema.org\",\"@graph\":[{\"@type\":\"WebPage\",\"@id\":\"https:\/\/www.sibtorino.it\/es\/politica-de-calidad\/\",\"url\":\"https:\/\/www.sibtorino.it\/es\/politica-de-calidad\/\",\"name\":\"Pol\u00edtica De Calidad - SIB Torino\",\"isPartOf\":{\"@id\":\"https:\/\/www.sibtorino.it\/#website\"},\"datePublished\":\"2017-12-30T11:24:58+00:00\",\"dateModified\":\"2024-04-12T09:28:34+00:00\",\"description\":\"Pol\u00edtica de calidad - SIB Torino. SIB srl pretende concretar su Pol\u00edtica de Calidad a trav\u00e9s de las siguientes acciones...\",\"breadcrumb\":{\"@id\":\"https:\/\/www.sibtorino.it\/es\/politica-de-calidad\/#breadcrumb\"},\"inLanguage\":\"es-ES\",\"potentialAction\":[{\"@type\":\"ReadAction\",\"target\":[\"https:\/\/www.sibtorino.it\/es\/politica-de-calidad\/\"]}]},{\"@type\":\"BreadcrumbList\",\"@id\":\"https:\/\/www.sibtorino.it\/es\/politica-de-calidad\/#breadcrumb\",\"itemListElement\":[{\"@type\":\"ListItem\",\"position\":1,\"name\":\"Home\",\"item\":\"https:\/\/www.sibtorino.it\/es\/\"},{\"@type\":\"ListItem\",\"position\":2,\"name\":\"Pol\u00edtica De Calidad\"}]},{\"@type\":\"WebSite\",\"@id\":\"https:\/\/www.sibtorino.it\/#website\",\"url\":\"https:\/\/www.sibtorino.it\/\",\"name\":\"SIB Torino\",\"description\":\"Tecnologie Di Combustione - Combustion Technology\",\"publisher\":{\"@id\":\"https:\/\/www.sibtorino.it\/#organization\"},\"potentialAction\":[{\"@type\":\"SearchAction\",\"target\":{\"@type\":\"EntryPoint\",\"urlTemplate\":\"https:\/\/www.sibtorino.it\/?s={search_term_string}\"},\"query-input\":{\"@type\":\"PropertyValueSpecification\",\"valueRequired\":true,\"valueName\":\"search_term_string\"}}],\"inLanguage\":\"es-ES\"},{\"@type\":\"Organization\",\"@id\":\"https:\/\/www.sibtorino.it\/#organization\",\"name\":\"SIB Torino\",\"url\":\"https:\/\/www.sibtorino.it\/\",\"logo\":{\"@type\":\"ImageObject\",\"inLanguage\":\"es-ES\",\"@id\":\"https:\/\/www.sibtorino.it\/#\/schema\/logo\/image\/\",\"url\":\"https:\/\/www.sibtorino.it\/wp-content\/uploads\/2017\/07\/sib-torino-logo@2x.png\",\"contentUrl\":\"https:\/\/www.sibtorino.it\/wp-content\/uploads\/2017\/07\/sib-torino-logo@2x.png\",\"width\":300,\"height\":168,\"caption\":\"SIB Torino\"},\"image\":{\"@id\":\"https:\/\/www.sibtorino.it\/#\/schema\/logo\/image\/\"}}]}<\/script>\n<!-- \/ Yoast SEO plugin. -->","yoast_head_json":{"title":"Pol\u00edtica De Calidad - SIB Torino","description":"Pol\u00edtica de calidad - SIB Torino. SIB srl pretende concretar su Pol\u00edtica de Calidad a trav\u00e9s de las siguientes acciones...","robots":{"index":"index","follow":"follow","max-snippet":"max-snippet:-1","max-image-preview":"max-image-preview:large","max-video-preview":"max-video-preview:-1"},"canonical":"https:\/\/www.sibtorino.it\/es\/politica-de-calidad\/","og_locale":"es_ES","og_type":"article","og_title":"Pol\u00edtica De Calidad - SIB Torino","og_description":"Pol\u00edtica de calidad - SIB Torino. SIB srl pretende concretar su Pol\u00edtica de Calidad a trav\u00e9s de las siguientes acciones...","og_url":"https:\/\/www.sibtorino.it\/es\/politica-de-calidad\/","og_site_name":"SIB Torino","article_modified_time":"2024-04-12T09:28:34+00:00","twitter_card":"summary_large_image","twitter_misc":{"Est. reading time":"2 minutes"},"schema":{"@context":"https:\/\/schema.org","@graph":[{"@type":"WebPage","@id":"https:\/\/www.sibtorino.it\/es\/politica-de-calidad\/","url":"https:\/\/www.sibtorino.it\/es\/politica-de-calidad\/","name":"Pol\u00edtica De Calidad - SIB Torino","isPartOf":{"@id":"https:\/\/www.sibtorino.it\/#website"},"datePublished":"2017-12-30T11:24:58+00:00","dateModified":"2024-04-12T09:28:34+00:00","description":"Pol\u00edtica de calidad - SIB Torino. SIB srl pretende concretar su Pol\u00edtica de Calidad a trav\u00e9s de las siguientes acciones...","breadcrumb":{"@id":"https:\/\/www.sibtorino.it\/es\/politica-de-calidad\/#breadcrumb"},"inLanguage":"es-ES","potentialAction":[{"@type":"ReadAction","target":["https:\/\/www.sibtorino.it\/es\/politica-de-calidad\/"]}]},{"@type":"BreadcrumbList","@id":"https:\/\/www.sibtorino.it\/es\/politica-de-calidad\/#breadcrumb","itemListElement":[{"@type":"ListItem","position":1,"name":"Home","item":"https:\/\/www.sibtorino.it\/es\/"},{"@type":"ListItem","position":2,"name":"Pol\u00edtica De Calidad"}]},{"@type":"WebSite","@id":"https:\/\/www.sibtorino.it\/#website","url":"https:\/\/www.sibtorino.it\/","name":"SIB Torino","description":"Tecnologie Di Combustione - Combustion Technology","publisher":{"@id":"https:\/\/www.sibtorino.it\/#organization"},"potentialAction":[{"@type":"SearchAction","target":{"@type":"EntryPoint","urlTemplate":"https:\/\/www.sibtorino.it\/?s={search_term_string}"},"query-input":{"@type":"PropertyValueSpecification","valueRequired":true,"valueName":"search_term_string"}}],"inLanguage":"es-ES"},{"@type":"Organization","@id":"https:\/\/www.sibtorino.it\/#organization","name":"SIB Torino","url":"https:\/\/www.sibtorino.it\/","logo":{"@type":"ImageObject","inLanguage":"es-ES","@id":"https:\/\/www.sibtorino.it\/#\/schema\/logo\/image\/","url":"https:\/\/www.sibtorino.it\/wp-content\/uploads\/2017\/07\/sib-torino-logo@2x.png","contentUrl":"https:\/\/www.sibtorino.it\/wp-content\/uploads\/2017\/07\/sib-torino-logo@2x.png","width":300,"height":168,"caption":"SIB Torino"},"image":{"@id":"https:\/\/www.sibtorino.it\/#\/schema\/logo\/image\/"}}]}},"_links":{"self":[{"href":"https:\/\/www.sibtorino.it\/es\/wp-json\/wp\/v2\/pages\/3568","targetHints":{"allow":["GET"]}}],"collection":[{"href":"https:\/\/www.sibtorino.it\/es\/wp-json\/wp\/v2\/pages"}],"about":[{"href":"https:\/\/www.sibtorino.it\/es\/wp-json\/wp\/v2\/types\/page"}],"author":[{"embeddable":true,"href":"https:\/\/www.sibtorino.it\/es\/wp-json\/wp\/v2\/users\/1"}],"replies":[{"embeddable":true,"href":"https:\/\/www.sibtorino.it\/es\/wp-json\/wp\/v2\/comments?post=3568"}],"version-history":[{"count":2,"href":"https:\/\/www.sibtorino.it\/es\/wp-json\/wp\/v2\/pages\/3568\/revisions"}],"predecessor-version":[{"id":3570,"href":"https:\/\/www.sibtorino.it\/es\/wp-json\/wp\/v2\/pages\/3568\/revisions\/3570"}],"wp:attachment":[{"href":"https:\/\/www.sibtorino.it\/es\/wp-json\/wp\/v2\/media?parent=3568"}],"curies":[{"name":"wp","href":"https:\/\/api.w.org\/{rel}","templated":true}]}}